{"id":310,"date":"2025-12-09T09:35:46","date_gmt":"2025-12-09T13:35:46","guid":{"rendered":"https:\/\/leonnidcarvalhopania1765378308333.0772072.meusitehostgator.com.br\/institutociranda\/?page_id=310"},"modified":"2026-04-23T23:12:42","modified_gmt":"2026-04-24T03:12:42","slug":"conheca-o-instituto","status":"publish","type":"page","link":"https:\/\/institutociranda.org.br\/2026\/conheca-o-instituto\/","title":{"rendered":"Conhe\u00e7a o Instituto"},"content":{"rendered":"\n<p>O<strong>&nbsp;Instituto Ciranda \u2013 M\u00fasica e Cidadania<\/strong>&nbsp;\u00e9 uma associa\u00e7\u00e3o civil sem fins lucrativos, reconhecida como Organiza\u00e7\u00e3o da Sociedade Civil de Interesse P\u00fablico (OSCIP) pelo Minist\u00e9rio da Justi\u00e7a, criada para desenvolver a\u00e7\u00f5es nas \u00e1reas da educa\u00e7\u00e3o e cultura, utilizando a m\u00fasica como ferramenta de cidadania. O Instituto Ciranda atende atualmente, cerca de 800 crian\u00e7as, adolescentes e jovens oriundos de diversas classes sociais e de diversas cidades mato-grossenses. O principal requisito para participar \u00e9 que cada aluno deve estar frequentando a escola regularmente e que tenha disponibilidade de tempo para se dedicar a m\u00fasica.<\/p>\n\n\n\n<p>As crian\u00e7as, adolescentes e jovens do Instituto Ciranda disp\u00f5em gratuitamente de condi\u00e7\u00f5es para que possam se desenvolver plenamente. O Instituto oferece aulas de violino, viola, violoncelo, contrabaixo, flauta transversal, clarineta, obo\u00e9, fagote, trompa, trompete, trombone, bombardino, tuba, percuss\u00e3o, coral e musicaliza\u00e7\u00e3o infantil. Al\u00e9m do acesso \u00e0s aulas pr\u00e1ticas, o Ciranda oferece aulas de disciplinas te\u00f3ricas auxiliares, m\u00e9todos e partituras, e quando necess\u00e1rio, o instrumento musical. Al\u00e9m das atividades regulares, s\u00e3o oferecidos constantemente cursos de capacita\u00e7\u00e3o e aperfei\u00e7oamento profissional nas diversas \u00e1reas musicais e de produ\u00e7\u00e3o cultural.<br><br>Seja um patrocinador deste projeto <strong><a href=\"http:\/\/sh00140.teste.website\/~leonni02\/institutociranda\/\" data-type=\"page\" data-id=\"10\">DOE AQUI<\/a><\/strong><\/p>\n\n\n\n<figure class=\"wp-block-gallery has-nested-images columns-4 is-cropped wp-block-gallery-1 is-layout-flex wp-block-gallery-is-layout-flex\">\n<figure data-wp-context=\"{&quot;imageId&quot;:&quot;69eb75a9909a0&quot;}\" data-wp-interactive=\"core\/image\" data-wp-key=\"69eb75a9909a0\" class=\"wp-block-image size-large wp-lightbox-container\"><img loading=\"lazy\" decoding=\"async\" width=\"1024\" height=\"683\" data-wp-class--hide=\"state.isContentHidden\" data-wp-class--show=\"state.isContentVisible\" data-wp-init=\"callbacks.setButtonStyles\" data-wp-on--click=\"actions.showLightbox\" data-wp-on--load=\"callbacks.setButtonStyles\" data-wp-on-window--resize=\"callbacks.setButtonStyles\" data-id=\"686\" src=\"https:\/\/institutociranda.org.br\/2026\/wp-content\/uploads\/2026\/04\/15.jpg-1024x683.jpeg\" alt=\"\" class=\"wp-image-686\" srcset=\"https:\/\/institutociranda.org.br\/2026\/wp-content\/uploads\/2026\/04\/15.jpg-1024x683.jpeg 1024w, https:\/\/institutociranda.org.br\/2026\/wp-content\/uploads\/2026\/04\/15.jpg-300x200.jpeg 300w, https:\/\/institutociranda.org.br\/2026\/wp-content\/uploads\/2026\/04\/15.jpg-768x512.jpeg 768w, https:\/\/institutociranda.org.br\/2026\/wp-content\/uploads\/2026\/04\/15.jpg-1536x1024.jpeg 1536w, https:\/\/institutociranda.org.br\/2026\/wp-content\/uploads\/2026\/04\/15.jpg-2048x1365.jpeg 2048w\" sizes=\"auto, (max-width: 1024px) 100vw, 1024px\" \/><button\n\t\t\tclass=\"lightbox-trigger\"\n\t\t\ttype=\"button\"\n\t\t\taria-haspopup=\"dialog\"\n\t\t\taria-label=\"Ampliar\"\n\t\t\tdata-wp-init=\"callbacks.initTriggerButton\"\n\t\t\tdata-wp-on--click=\"actions.showLightbox\"\n\t\t\tdata-wp-style--right=\"state.imageButtonRight\"\n\t\t\tdata-wp-style--top=\"state.imageButtonTop\"\n\t\t>\n\t\t\t<svg xmlns=\"http:\/\/www.w3.org\/2000\/svg\" width=\"12\" height=\"12\" fill=\"none\" viewBox=\"0 0 12 12\">\n\t\t\t\t<path fill=\"#fff\" d=\"M2 0a2 2 0 0 0-2 2v2h1.5V2a.5.5 0 0 1 .5-.5h2V0H2Zm2 10.5H2a.5.5 0 0 1-.5-.5V8H0v2a2 2 0 0 0 2 2h2v-1.5ZM8 12v-1.5h2a.5.5 0 0 0 .5-.5V8H12v2a2 2 0 0 1-2 2H8Zm2-12a2 2 0 0 1 2 2v2h-1.5V2a.5.5 0 0 0-.5-.5H8V0h2Z\" \/>\n\t\t\t<\/svg>\n\t\t<\/button><figcaption class=\"wp-element-caption\">\ud83d\udcf8 @rosanomaurojr<\/figcaption><\/figure>\n\n\n\n<figure data-wp-context=\"{&quot;imageId&quot;:&quot;69eb75a990f9a&quot;}\" data-wp-interactive=\"core\/image\" data-wp-key=\"69eb75a990f9a\" class=\"wp-block-image size-large wp-lightbox-container\"><img loading=\"lazy\" decoding=\"async\" width=\"1024\" height=\"683\" data-wp-class--hide=\"state.isContentHidden\" data-wp-class--show=\"state.isContentVisible\" data-wp-init=\"callbacks.setButtonStyles\" data-wp-on--click=\"actions.showLightbox\" data-wp-on--load=\"callbacks.setButtonStyles\" data-wp-on-window--resize=\"callbacks.setButtonStyles\" data-id=\"563\" src=\"https:\/\/institutociranda.org.br\/2026\/wp-content\/uploads\/2026\/02\/2o-premio-jovem-artista-25-web-2048x1365-1-1024x683.jpg\" alt=\"\" class=\"wp-image-563\" srcset=\"https:\/\/institutociranda.org.br\/2026\/wp-content\/uploads\/2026\/02\/2o-premio-jovem-artista-25-web-2048x1365-1-1024x683.jpg 1024w, https:\/\/institutociranda.org.br\/2026\/wp-content\/uploads\/2026\/02\/2o-premio-jovem-artista-25-web-2048x1365-1-300x200.jpg 300w, https:\/\/institutociranda.org.br\/2026\/wp-content\/uploads\/2026\/02\/2o-premio-jovem-artista-25-web-2048x1365-1-768x512.jpg 768w, https:\/\/institutociranda.org.br\/2026\/wp-content\/uploads\/2026\/02\/2o-premio-jovem-artista-25-web-2048x1365-1-1536x1024.jpg 1536w, https:\/\/institutociranda.org.br\/2026\/wp-content\/uploads\/2026\/02\/2o-premio-jovem-artista-25-web-2048x1365-1.jpg 2048w\" sizes=\"auto, (max-width: 1024px) 100vw, 1024px\" \/><button\n\t\t\tclass=\"lightbox-trigger\"\n\t\t\ttype=\"button\"\n\t\t\taria-haspopup=\"dialog\"\n\t\t\taria-label=\"Ampliar\"\n\t\t\tdata-wp-init=\"callbacks.initTriggerButton\"\n\t\t\tdata-wp-on--click=\"actions.showLightbox\"\n\t\t\tdata-wp-style--right=\"state.imageButtonRight\"\n\t\t\tdata-wp-style--top=\"state.imageButtonTop\"\n\t\t>\n\t\t\t<svg xmlns=\"http:\/\/www.w3.org\/2000\/svg\" width=\"12\" height=\"12\" fill=\"none\" viewBox=\"0 0 12 12\">\n\t\t\t\t<path fill=\"#fff\" d=\"M2 0a2 2 0 0 0-2 2v2h1.5V2a.5.5 0 0 1 .5-.5h2V0H2Zm2 10.5H2a.5.5 0 0 1-.5-.5V8H0v2a2 2 0 0 0 2 2h2v-1.5ZM8 12v-1.5h2a.5.5 0 0 0 .5-.5V8H12v2a2 2 0 0 1-2 2H8Zm2-12a2 2 0 0 1 2 2v2h-1.5V2a.5.5 0 0 0-.5-.5H8V0h2Z\" \/>\n\t\t\t<\/svg>\n\t\t<\/button><\/figure>\n\n\n\n<figure data-wp-context=\"{&quot;imageId&quot;:&quot;69eb75a990d82&quot;}\" data-wp-interactive=\"core\/image\" data-wp-key=\"69eb75a990d82\" class=\"wp-block-image size-large wp-lightbox-container\"><img loading=\"lazy\" decoding=\"async\" width=\"683\" height=\"1024\" data-wp-class--hide=\"state.isContentHidden\" data-wp-class--show=\"state.isContentVisible\" data-wp-init=\"callbacks.setButtonStyles\" data-wp-on--click=\"actions.showLightbox\" data-wp-on--load=\"callbacks.setButtonStyles\" data-wp-on-window--resize=\"callbacks.setButtonStyles\" data-id=\"565\" src=\"https:\/\/institutociranda.org.br\/2026\/wp-content\/uploads\/2026\/02\/2o-premio-jovem-artista-27-web-1365x2048-1-683x1024.jpg\" alt=\"\" class=\"wp-image-565\" srcset=\"https:\/\/institutociranda.org.br\/2026\/wp-content\/uploads\/2026\/02\/2o-premio-jovem-artista-27-web-1365x2048-1-683x1024.jpg 683w, https:\/\/institutociranda.org.br\/2026\/wp-content\/uploads\/2026\/02\/2o-premio-jovem-artista-27-web-1365x2048-1-200x300.jpg 200w, https:\/\/institutociranda.org.br\/2026\/wp-content\/uploads\/2026\/02\/2o-premio-jovem-artista-27-web-1365x2048-1-768x1152.jpg 768w, https:\/\/institutociranda.org.br\/2026\/wp-content\/uploads\/2026\/02\/2o-premio-jovem-artista-27-web-1365x2048-1-1024x1536.jpg 1024w, https:\/\/institutociranda.org.br\/2026\/wp-content\/uploads\/2026\/02\/2o-premio-jovem-artista-27-web-1365x2048-1.jpg 1365w\" sizes=\"auto, (max-width: 683px) 100vw, 683px\" \/><button\n\t\t\tclass=\"lightbox-trigger\"\n\t\t\ttype=\"button\"\n\t\t\taria-haspopup=\"dialog\"\n\t\t\taria-label=\"Ampliar\"\n\t\t\tdata-wp-init=\"callbacks.initTriggerButton\"\n\t\t\tdata-wp-on--click=\"actions.showLightbox\"\n\t\t\tdata-wp-style--right=\"state.imageButtonRight\"\n\t\t\tdata-wp-style--top=\"state.imageButtonTop\"\n\t\t>\n\t\t\t<svg xmlns=\"http:\/\/www.w3.org\/2000\/svg\" width=\"12\" height=\"12\" fill=\"none\" viewBox=\"0 0 12 12\">\n\t\t\t\t<path fill=\"#fff\" d=\"M2 0a2 2 0 0 0-2 2v2h1.5V2a.5.5 0 0 1 .5-.5h2V0H2Zm2 10.5H2a.5.5 0 0 1-.5-.5V8H0v2a2 2 0 0 0 2 2h2v-1.5ZM8 12v-1.5h2a.5.5 0 0 0 .5-.5V8H12v2a2 2 0 0 1-2 2H8Zm2-12a2 2 0 0 1 2 2v2h-1.5V2a.5.5 0 0 0-.5-.5H8V0h2Z\" \/>\n\t\t\t<\/svg>\n\t\t<\/button><\/figure>\n\n\n\n<figure data-wp-context=\"{&quot;imageId&quot;:&quot;69eb75a990bad&quot;}\" data-wp-interactive=\"core\/image\" data-wp-key=\"69eb75a990bad\" class=\"wp-block-image size-large wp-lightbox-container\"><img loading=\"lazy\" decoding=\"async\" width=\"1024\" height=\"683\" data-wp-class--hide=\"state.isContentHidden\" data-wp-class--show=\"state.isContentVisible\" data-wp-init=\"callbacks.setButtonStyles\" data-wp-on--click=\"actions.showLightbox\" data-wp-on--load=\"callbacks.setButtonStyles\" data-wp-on-window--resize=\"callbacks.setButtonStyles\" data-id=\"572\" src=\"https:\/\/institutociranda.org.br\/2026\/wp-content\/uploads\/2026\/02\/apresentacao-dos-premiados-04-web-2048x1365-1-1024x683.jpg\" alt=\"\" class=\"wp-image-572\" srcset=\"https:\/\/institutociranda.org.br\/2026\/wp-content\/uploads\/2026\/02\/apresentacao-dos-premiados-04-web-2048x1365-1-1024x683.jpg 1024w, https:\/\/institutociranda.org.br\/2026\/wp-content\/uploads\/2026\/02\/apresentacao-dos-premiados-04-web-2048x1365-1-300x200.jpg 300w, https:\/\/institutociranda.org.br\/2026\/wp-content\/uploads\/2026\/02\/apresentacao-dos-premiados-04-web-2048x1365-1-768x512.jpg 768w, https:\/\/institutociranda.org.br\/2026\/wp-content\/uploads\/2026\/02\/apresentacao-dos-premiados-04-web-2048x1365-1-1536x1024.jpg 1536w, https:\/\/institutociranda.org.br\/2026\/wp-content\/uploads\/2026\/02\/apresentacao-dos-premiados-04-web-2048x1365-1.jpg 2048w\" sizes=\"auto, (max-width: 1024px) 100vw, 1024px\" \/><button\n\t\t\tclass=\"lightbox-trigger\"\n\t\t\ttype=\"button\"\n\t\t\taria-haspopup=\"dialog\"\n\t\t\taria-label=\"Ampliar\"\n\t\t\tdata-wp-init=\"callbacks.initTriggerButton\"\n\t\t\tdata-wp-on--click=\"actions.showLightbox\"\n\t\t\tdata-wp-style--right=\"state.imageButtonRight\"\n\t\t\tdata-wp-style--top=\"state.imageButtonTop\"\n\t\t>\n\t\t\t<svg xmlns=\"http:\/\/www.w3.org\/2000\/svg\" width=\"12\" height=\"12\" fill=\"none\" viewBox=\"0 0 12 12\">\n\t\t\t\t<path fill=\"#fff\" d=\"M2 0a2 2 0 0 0-2 2v2h1.5V2a.5.5 0 0 1 .5-.5h2V0H2Zm2 10.5H2a.5.5 0 0 1-.5-.5V8H0v2a2 2 0 0 0 2 2h2v-1.5ZM8 12v-1.5h2a.5.5 0 0 0 .5-.5V8H12v2a2 2 0 0 1-2 2H8Zm2-12a2 2 0 0 1 2 2v2h-1.5V2a.5.5 0 0 0-.5-.5H8V0h2Z\" \/>\n\t\t\t<\/svg>\n\t\t<\/button><\/figure>\n\n\n\n<figure data-wp-context=\"{&quot;imageId&quot;:&quot;69eb75a9906f8&quot;}\" data-wp-interactive=\"core\/image\" data-wp-key=\"69eb75a9906f8\" class=\"wp-block-image size-large wp-lightbox-container\"><img loading=\"lazy\" decoding=\"async\" width=\"1024\" height=\"683\" data-wp-class--hide=\"state.isContentHidden\" data-wp-class--show=\"state.isContentVisible\" data-wp-init=\"callbacks.setButtonStyles\" data-wp-on--click=\"actions.showLightbox\" data-wp-on--load=\"callbacks.setButtonStyles\" data-wp-on-window--resize=\"callbacks.setButtonStyles\" data-id=\"723\" src=\"https:\/\/institutociranda.org.br\/2026\/wp-content\/uploads\/2026\/04\/1.jpg-1-1024x683.jpeg\" alt=\"\" class=\"wp-image-723\" srcset=\"https:\/\/institutociranda.org.br\/2026\/wp-content\/uploads\/2026\/04\/1.jpg-1-1024x683.jpeg 1024w, https:\/\/institutociranda.org.br\/2026\/wp-content\/uploads\/2026\/04\/1.jpg-1-300x200.jpeg 300w, https:\/\/institutociranda.org.br\/2026\/wp-content\/uploads\/2026\/04\/1.jpg-1-768x512.jpeg 768w, https:\/\/institutociranda.org.br\/2026\/wp-content\/uploads\/2026\/04\/1.jpg-1-1536x1024.jpeg 1536w, https:\/\/institutociranda.org.br\/2026\/wp-content\/uploads\/2026\/04\/1.jpg-1-2048x1365.jpeg 2048w\" sizes=\"auto, (max-width: 1024px) 100vw, 1024px\" \/><button\n\t\t\tclass=\"lightbox-trigger\"\n\t\t\ttype=\"button\"\n\t\t\taria-haspopup=\"dialog\"\n\t\t\taria-label=\"Ampliar\"\n\t\t\tdata-wp-init=\"callbacks.initTriggerButton\"\n\t\t\tdata-wp-on--click=\"actions.showLightbox\"\n\t\t\tdata-wp-style--right=\"state.imageButtonRight\"\n\t\t\tdata-wp-style--top=\"state.imageButtonTop\"\n\t\t>\n\t\t\t<svg xmlns=\"http:\/\/www.w3.org\/2000\/svg\" width=\"12\" height=\"12\" fill=\"none\" viewBox=\"0 0 12 12\">\n\t\t\t\t<path fill=\"#fff\" d=\"M2 0a2 2 0 0 0-2 2v2h1.5V2a.5.5 0 0 1 .5-.5h2V0H2Zm2 10.5H2a.5.5 0 0 1-.5-.5V8H0v2a2 2 0 0 0 2 2h2v-1.5ZM8 12v-1.5h2a.5.5 0 0 0 .5-.5V8H12v2a2 2 0 0 1-2 2H8Zm2-12a2 2 0 0 1 2 2v2h-1.5V2a.5.5 0 0 0-.5-.5H8V0h2Z\" \/>\n\t\t\t<\/svg>\n\t\t<\/button><figcaption class=\"wp-element-caption\">\ud83d\udcf8 @rosanomaurojr<\/figcaption><\/figure>\n\n\n\n<figure data-wp-context=\"{&quot;imageId&quot;:&quot;69eb75a9919e1&quot;}\" data-wp-interactive=\"core\/image\" data-wp-key=\"69eb75a9919e1\" class=\"wp-block-image size-large wp-lightbox-container\"><img decoding=\"async\" data-wp-class--hide=\"state.isContentHidden\" data-wp-class--show=\"state.isContentVisible\" data-wp-init=\"callbacks.setButtonStyles\" data-wp-on--click=\"actions.showLightbox\" data-wp-on--load=\"callbacks.setButtonStyles\" data-wp-on-window--resize=\"callbacks.setButtonStyles\" data-id=\"311\" src=\"https:\/\/institutociranda.org.br\/2026\/wp-content\/uploads\/2025\/12\/IMG_6076.jpg\" alt=\"\" class=\"wp-image-311\"\/><button\n\t\t\tclass=\"lightbox-trigger\"\n\t\t\ttype=\"button\"\n\t\t\taria-haspopup=\"dialog\"\n\t\t\taria-label=\"Ampliar\"\n\t\t\tdata-wp-init=\"callbacks.initTriggerButton\"\n\t\t\tdata-wp-on--click=\"actions.showLightbox\"\n\t\t\tdata-wp-style--right=\"state.imageButtonRight\"\n\t\t\tdata-wp-style--top=\"state.imageButtonTop\"\n\t\t>\n\t\t\t<svg xmlns=\"http:\/\/www.w3.org\/2000\/svg\" width=\"12\" height=\"12\" fill=\"none\" viewBox=\"0 0 12 12\">\n\t\t\t\t<path fill=\"#fff\" d=\"M2 0a2 2 0 0 0-2 2v2h1.5V2a.5.5 0 0 1 .5-.5h2V0H2Zm2 10.5H2a.5.5 0 0 1-.5-.5V8H0v2a2 2 0 0 0 2 2h2v-1.5ZM8 12v-1.5h2a.5.5 0 0 0 .5-.5V8H12v2a2 2 0 0 1-2 2H8Zm2-12a2 2 0 0 1 2 2v2h-1.5V2a.5.5 0 0 0-.5-.5H8V0h2Z\" \/>\n\t\t\t<\/svg>\n\t\t<\/button><\/figure>\n\n\n\n<figure data-wp-context=\"{&quot;imageId&quot;:&quot;69eb75a99125a&quot;}\" data-wp-interactive=\"core\/image\" data-wp-key=\"69eb75a99125a\" class=\"wp-block-image size-large wp-lightbox-container\"><img loading=\"lazy\" decoding=\"async\" width=\"1024\" height=\"683\" data-wp-class--hide=\"state.isContentHidden\" data-wp-class--show=\"state.isContentVisible\" data-wp-init=\"callbacks.setButtonStyles\" data-wp-on--click=\"actions.showLightbox\" data-wp-on--load=\"callbacks.setButtonStyles\" data-wp-on-window--resize=\"callbacks.setButtonStyles\" data-id=\"556\" src=\"https:\/\/institutociranda.org.br\/2026\/wp-content\/uploads\/2026\/02\/2o-premio-jovem-artista-12-web-2048x1365-1-1024x683.jpg\" alt=\"\" class=\"wp-image-556\" srcset=\"https:\/\/institutociranda.org.br\/2026\/wp-content\/uploads\/2026\/02\/2o-premio-jovem-artista-12-web-2048x1365-1-1024x683.jpg 1024w, https:\/\/institutociranda.org.br\/2026\/wp-content\/uploads\/2026\/02\/2o-premio-jovem-artista-12-web-2048x1365-1-300x200.jpg 300w, https:\/\/institutociranda.org.br\/2026\/wp-content\/uploads\/2026\/02\/2o-premio-jovem-artista-12-web-2048x1365-1-768x512.jpg 768w, https:\/\/institutociranda.org.br\/2026\/wp-content\/uploads\/2026\/02\/2o-premio-jovem-artista-12-web-2048x1365-1-1536x1024.jpg 1536w, https:\/\/institutociranda.org.br\/2026\/wp-content\/uploads\/2026\/02\/2o-premio-jovem-artista-12-web-2048x1365-1.jpg 2048w\" sizes=\"auto, (max-width: 1024px) 100vw, 1024px\" \/><button\n\t\t\tclass=\"lightbox-trigger\"\n\t\t\ttype=\"button\"\n\t\t\taria-haspopup=\"dialog\"\n\t\t\taria-label=\"Ampliar\"\n\t\t\tdata-wp-init=\"callbacks.initTriggerButton\"\n\t\t\tdata-wp-on--click=\"actions.showLightbox\"\n\t\t\tdata-wp-style--right=\"state.imageButtonRight\"\n\t\t\tdata-wp-style--top=\"state.imageButtonTop\"\n\t\t>\n\t\t\t<svg xmlns=\"http:\/\/www.w3.org\/2000\/svg\" width=\"12\" height=\"12\" fill=\"none\" viewBox=\"0 0 12 12\">\n\t\t\t\t<path fill=\"#fff\" d=\"M2 0a2 2 0 0 0-2 2v2h1.5V2a.5.5 0 0 1 .5-.5h2V0H2Zm2 10.5H2a.5.5 0 0 1-.5-.5V8H0v2a2 2 0 0 0 2 2h2v-1.5ZM8 12v-1.5h2a.5.5 0 0 0 .5-.5V8H12v2a2 2 0 0 1-2 2H8Zm2-12a2 2 0 0 1 2 2v2h-1.5V2a.5.5 0 0 0-.5-.5H8V0h2Z\" \/>\n\t\t\t<\/svg>\n\t\t<\/button><\/figure>\n\n\n\n<figure data-wp-context=\"{&quot;imageId&quot;:&quot;69eb75a99177e&quot;}\" data-wp-interactive=\"core\/image\" data-wp-key=\"69eb75a99177e\" class=\"wp-block-image size-large wp-lightbox-container\"><img loading=\"lazy\" decoding=\"async\" width=\"1000\" height=\"667\" data-wp-class--hide=\"state.isContentHidden\" data-wp-class--show=\"state.isContentVisible\" data-wp-init=\"callbacks.setButtonStyles\" data-wp-on--click=\"actions.showLightbox\" data-wp-on--load=\"callbacks.setButtonStyles\" data-wp-on-window--resize=\"callbacks.setButtonStyles\" data-id=\"447\" src=\"https:\/\/institutociranda.org.br\/2026\/wp-content\/uploads\/2026\/01\/78750243_2568563233197700_8093226584904826880_n-1000x667-1.jpg\" alt=\"\" class=\"wp-image-447\" srcset=\"https:\/\/institutociranda.org.br\/2026\/wp-content\/uploads\/2026\/01\/78750243_2568563233197700_8093226584904826880_n-1000x667-1.jpg 1000w, https:\/\/institutociranda.org.br\/2026\/wp-content\/uploads\/2026\/01\/78750243_2568563233197700_8093226584904826880_n-1000x667-1-300x200.jpg 300w, https:\/\/institutociranda.org.br\/2026\/wp-content\/uploads\/2026\/01\/78750243_2568563233197700_8093226584904826880_n-1000x667-1-768x512.jpg 768w\" sizes=\"auto, (max-width: 1000px) 100vw, 1000px\" \/><button\n\t\t\tclass=\"lightbox-trigger\"\n\t\t\ttype=\"button\"\n\t\t\taria-haspopup=\"dialog\"\n\t\t\taria-label=\"Ampliar\"\n\t\t\tdata-wp-init=\"callbacks.initTriggerButton\"\n\t\t\tdata-wp-on--click=\"actions.showLightbox\"\n\t\t\tdata-wp-style--right=\"state.imageButtonRight\"\n\t\t\tdata-wp-style--top=\"state.imageButtonTop\"\n\t\t>\n\t\t\t<svg xmlns=\"http:\/\/www.w3.org\/2000\/svg\" width=\"12\" height=\"12\" fill=\"none\" viewBox=\"0 0 12 12\">\n\t\t\t\t<path fill=\"#fff\" d=\"M2 0a2 2 0 0 0-2 2v2h1.5V2a.5.5 0 0 1 .5-.5h2V0H2Zm2 10.5H2a.5.5 0 0 1-.5-.5V8H0v2a2 2 0 0 0 2 2h2v-1.5ZM8 12v-1.5h2a.5.5 0 0 0 .5-.5V8H12v2a2 2 0 0 1-2 2H8Zm2-12a2 2 0 0 1 2 2v2h-1.5V2a.5.5 0 0 0-.5-.5H8V0h2Z\" \/>\n\t\t\t<\/svg>\n\t\t<\/button><\/figure>\n\n\n\n<figure data-wp-context=\"{&quot;imageId&quot;:&quot;69eb75a9914f2&quot;}\" data-wp-interactive=\"core\/image\" data-wp-key=\"69eb75a9914f2\" class=\"wp-block-image size-large wp-lightbox-container\"><img loading=\"lazy\" decoding=\"async\" width=\"1000\" height=\"667\" data-wp-class--hide=\"state.isContentHidden\" data-wp-class--show=\"state.isContentVisible\" data-wp-init=\"callbacks.setButtonStyles\" data-wp-on--click=\"actions.showLightbox\" data-wp-on--load=\"callbacks.setButtonStyles\" data-wp-on-window--resize=\"callbacks.setButtonStyles\" data-id=\"432\" src=\"https:\/\/institutociranda.org.br\/2026\/wp-content\/uploads\/2026\/01\/80431257_2614492968604726_1710842875958263808_n-1000x667-1.jpg\" alt=\"\" class=\"wp-image-432\" srcset=\"https:\/\/institutociranda.org.br\/2026\/wp-content\/uploads\/2026\/01\/80431257_2614492968604726_1710842875958263808_n-1000x667-1.jpg 1000w, https:\/\/institutociranda.org.br\/2026\/wp-content\/uploads\/2026\/01\/80431257_2614492968604726_1710842875958263808_n-1000x667-1-300x200.jpg 300w, https:\/\/institutociranda.org.br\/2026\/wp-content\/uploads\/2026\/01\/80431257_2614492968604726_1710842875958263808_n-1000x667-1-768x512.jpg 768w\" sizes=\"auto, (max-width: 1000px) 100vw, 1000px\" \/><button\n\t\t\tclass=\"lightbox-trigger\"\n\t\t\ttype=\"button\"\n\t\t\taria-haspopup=\"dialog\"\n\t\t\taria-label=\"Ampliar\"\n\t\t\tdata-wp-init=\"callbacks.initTriggerButton\"\n\t\t\tdata-wp-on--click=\"actions.showLightbox\"\n\t\t\tdata-wp-style--right=\"state.imageButtonRight\"\n\t\t\tdata-wp-style--top=\"state.imageButtonTop\"\n\t\t>\n\t\t\t<svg xmlns=\"http:\/\/www.w3.org\/2000\/svg\" width=\"12\" height=\"12\" fill=\"none\" viewBox=\"0 0 12 12\">\n\t\t\t\t<path fill=\"#fff\" d=\"M2 0a2 2 0 0 0-2 2v2h1.5V2a.5.5 0 0 1 .5-.5h2V0H2Zm2 10.5H2a.5.5 0 0 1-.5-.5V8H0v2a2 2 0 0 0 2 2h2v-1.5ZM8 12v-1.5h2a.5.5 0 0 0 .5-.5V8H12v2a2 2 0 0 1-2 2H8Zm2-12a2 2 0 0 1 2 2v2h-1.5V2a.5.5 0 0 0-.5-.5H8V0h2Z\" \/>\n\t\t\t<\/svg>\n\t\t<\/button><\/figure>\n<\/figure>\n\n\n\n<p><\/p>\n","protected":false},"excerpt":{"rendered":"<p>O&nbsp;Instituto Ciranda \u2013 M\u00fasica e Cidadania&nbsp;\u00e9 uma associa\u00e7\u00e3o civil sem fins lucrativos, reconhecida como Organiza\u00e7\u00e3o da Sociedade Civil de Interesse P\u00fablico (OSCIP) pelo Minist\u00e9rio da Justi\u00e7a, criada para desenvolver a\u00e7\u00f5es nas \u00e1reas da educa\u00e7\u00e3o e cultura, utilizando a m\u00fasica como ferramenta de cidadania. O Instituto Ciranda atende atualmente, cerca de 800 crian\u00e7as, adolescentes e jovens [&hellip;]<\/p>\n","protected":false},"author":1,"featured_media":0,"parent":0,"menu_order":0,"comment_status":"closed","ping_status":"closed","template":"template-pagina-institucional.php","meta":{"_acf_changed":false,"footnotes":""},"class_list":["post-310","page","type-page","status-publish","hentry"],"acf":[],"_links":{"self":[{"href":"https:\/\/institutociranda.org.br\/2026\/wp-json\/wp\/v2\/pages\/310","targetHints":{"allow":["GET"]}}],"collection":[{"href":"https:\/\/institutociranda.org.br\/2026\/wp-json\/wp\/v2\/pages"}],"about":[{"href":"https:\/\/institutociranda.org.br\/2026\/wp-json\/wp\/v2\/types\/page"}],"author":[{"embeddable":true,"href":"https:\/\/institutociranda.org.br\/2026\/wp-json\/wp\/v2\/users\/1"}],"replies":[{"embeddable":true,"href":"https:\/\/institutociranda.org.br\/2026\/wp-json\/wp\/v2\/comments?post=310"}],"version-history":[{"count":6,"href":"https:\/\/institutociranda.org.br\/2026\/wp-json\/wp\/v2\/pages\/310\/revisions"}],"predecessor-version":[{"id":725,"href":"https:\/\/institutociranda.org.br\/2026\/wp-json\/wp\/v2\/pages\/310\/revisions\/725"}],"wp:attachment":[{"href":"https:\/\/institutociranda.org.br\/2026\/wp-json\/wp\/v2\/media?parent=310"}],"curies":[{"name":"wp","href":"https:\/\/api.w.org\/{rel}","templated":true}]}}