{"id":602,"date":"2026-02-04T22:14:01","date_gmt":"2026-02-05T02:14:01","guid":{"rendered":"http:\/\/sh00140.teste.website\/~leonni02\/institutociranda\/?page_id=602"},"modified":"2026-02-04T22:32:21","modified_gmt":"2026-02-05T02:32:21","slug":"contato","status":"publish","type":"page","link":"https:\/\/institutociranda.org.br\/2026\/contato\/","title":{"rendered":"Contato"},"content":{"rendered":"\n<p>A p\u00e1gina de Contato do Instituto Ciranda \u2013 M\u00fasica e Cidadania \u00e9 o canal direto para comunica\u00e7\u00e3o com a nossa equipe. Aqui voc\u00ea pode tirar d\u00favidas, solicitar informa\u00e7\u00f5es, enviar sugest\u00f5es ou falar sobre parcerias e projetos. Estamos sempre abertos ao di\u00e1logo, fortalecendo conex\u00f5es que ampliam o acesso \u00e0 cultura, \u00e0 educa\u00e7\u00e3o musical e \u00e0s a\u00e7\u00f5es sociais desenvolvidas pelo Instituto.<br><br><\/p>\n\n\n\n<p><\/p>\n","protected":false},"excerpt":{"rendered":"<p>A p\u00e1gina de Contato do Instituto Ciranda \u2013 M\u00fasica e Cidadania \u00e9 o canal direto para comunica\u00e7\u00e3o com a nossa equipe. Aqui voc\u00ea pode tirar d\u00favidas, solicitar informa\u00e7\u00f5es, enviar sugest\u00f5es ou falar sobre parcerias e projetos. Estamos sempre abertos ao di\u00e1logo, fortalecendo conex\u00f5es que ampliam o acesso \u00e0 cultura, \u00e0 educa\u00e7\u00e3o musical e \u00e0s a\u00e7\u00f5es [&hellip;]<\/p>\n","protected":false},"author":1,"featured_media":13,"parent":0,"menu_order":0,"comment_status":"closed","ping_status":"closed","template":"page-contato.php","meta":{"_acf_changed":false,"footnotes":""},"class_list":["post-602","page","type-page","status-publish","has-post-thumbnail","hentry"],"acf":[],"_links":{"self":[{"href":"https:\/\/institutociranda.org.br\/2026\/wp-json\/wp\/v2\/pages\/602","targetHints":{"allow":["GET"]}}],"collection":[{"href":"https:\/\/institutociranda.org.br\/2026\/wp-json\/wp\/v2\/pages"}],"about":[{"href":"https:\/\/institutociranda.org.br\/2026\/wp-json\/wp\/v2\/types\/page"}],"author":[{"embeddable":true,"href":"https:\/\/institutociranda.org.br\/2026\/wp-json\/wp\/v2\/users\/1"}],"replies":[{"embeddable":true,"href":"https:\/\/institutociranda.org.br\/2026\/wp-json\/wp\/v2\/comments?post=602"}],"version-history":[{"count":1,"href":"https:\/\/institutociranda.org.br\/2026\/wp-json\/wp\/v2\/pages\/602\/revisions"}],"predecessor-version":[{"id":604,"href":"https:\/\/institutociranda.org.br\/2026\/wp-json\/wp\/v2\/pages\/602\/revisions\/604"}],"wp:featuredmedia":[{"embeddable":true,"href":"https:\/\/institutociranda.org.br\/2026\/wp-json\/wp\/v2\/media\/13"}],"wp:attachment":[{"href":"https:\/\/institutociranda.org.br\/2026\/wp-json\/wp\/v2\/media?parent=602"}],"curies":[{"name":"wp","href":"https:\/\/api.w.org\/{rel}","templated":true}]}}