{"id":608,"date":"2026-02-04T23:26:23","date_gmt":"2026-02-05T03:26:23","guid":{"rendered":"http:\/\/sh00140.teste.website\/~leonni02\/institutociranda\/?page_id=608"},"modified":"2026-02-04T23:35:52","modified_gmt":"2026-02-05T03:35:52","slug":"doe","status":"publish","type":"page","link":"https:\/\/institutociranda.org.br\/2026\/doe\/","title":{"rendered":"Doe"},"content":{"rendered":"\n<p>Realiza\u00e7\u00e3o de uma doa\u00e7\u00e3o financeira para a institui\u00e7\u00e3o. Pode ser realizada anual, semestral ou mensal.<br><strong>CHAVE PIX:<\/strong><br>CNPJ: 05.527.180\/0001-88<\/p>\n\n\n\n<hr class=\"wp-block-separator has-alpha-channel-opacity\"\/>\n\n\n\n<p><strong>CONTA CORRENTE:<\/strong><br>Banco do Brasil (001)<br>Ag\u00eancia: 0046-9<br>Conta: 424955-0<br>INSTITUTO CIRANDA M\u00daSICA E CIDADANIA<br>CNPJ: 05.527.180\/0001-88<\/p>\n\n\n\n<hr class=\"wp-block-separator has-alpha-channel-opacity\"\/>\n\n\n\n<p>DOA\u00c7\u00c3O VIA LEI DE INCENTIVO:<br>Doa\u00e7\u00e3o via Programa Nacional de apoio \u00e0 Cultura &#8211; Lei Rouanet\u00a0\u00a0<br><strong>COMO POSSO AJUDAR O CIRANDA?<\/strong><br>Pela Lei Federal de Incentivo \u00e0 Cultura, tanto pessoas f\u00edsicas quanto jur\u00eddicas podem contribuir com uma porcentagem de seu Imposto de Renda (IR) para projetos aprovados e aptos para captar recursos. Pessoas f\u00edsicas: at\u00e9 6% do IR devido Pessoas jur\u00eddicas: at\u00e9 4% do IR devido. D\u00favidas entrar em contato conosco.<\/p>\n","protected":false},"excerpt":{"rendered":"<p>Realiza\u00e7\u00e3o de uma doa\u00e7\u00e3o financeira para a institui\u00e7\u00e3o. Pode ser realizada anual, semestral ou mensal.CHAVE PIX:CNPJ: 05.527.180\/0001-88 CONTA CORRENTE:Banco do Brasil (001)Ag\u00eancia: 0046-9Conta: 424955-0INSTITUTO CIRANDA M\u00daSICA E CIDADANIACNPJ: 05.527.180\/0001-88 DOA\u00c7\u00c3O VIA LEI DE INCENTIVO:Doa\u00e7\u00e3o via Programa Nacional de apoio \u00e0 Cultura &#8211; Lei Rouanet\u00a0\u00a0COMO POSSO AJUDAR O CIRANDA?Pela Lei Federal de Incentivo \u00e0 Cultura, tanto [&hellip;]<\/p>\n","protected":false},"author":1,"featured_media":13,"parent":0,"menu_order":0,"comment_status":"closed","ping_status":"closed","template":"","meta":{"_acf_changed":false,"footnotes":""},"class_list":["post-608","page","type-page","status-publish","has-post-thumbnail","hentry"],"acf":[],"_links":{"self":[{"href":"https:\/\/institutociranda.org.br\/2026\/wp-json\/wp\/v2\/pages\/608","targetHints":{"allow":["GET"]}}],"collection":[{"href":"https:\/\/institutociranda.org.br\/2026\/wp-json\/wp\/v2\/pages"}],"about":[{"href":"https:\/\/institutociranda.org.br\/2026\/wp-json\/wp\/v2\/types\/page"}],"author":[{"embeddable":true,"href":"https:\/\/institutociranda.org.br\/2026\/wp-json\/wp\/v2\/users\/1"}],"replies":[{"embeddable":true,"href":"https:\/\/institutociranda.org.br\/2026\/wp-json\/wp\/v2\/comments?post=608"}],"version-history":[{"count":4,"href":"https:\/\/institutociranda.org.br\/2026\/wp-json\/wp\/v2\/pages\/608\/revisions"}],"predecessor-version":[{"id":615,"href":"https:\/\/institutociranda.org.br\/2026\/wp-json\/wp\/v2\/pages\/608\/revisions\/615"}],"wp:featuredmedia":[{"embeddable":true,"href":"https:\/\/institutociranda.org.br\/2026\/wp-json\/wp\/v2\/media\/13"}],"wp:attachment":[{"href":"https:\/\/institutociranda.org.br\/2026\/wp-json\/wp\/v2\/media?parent=608"}],"curies":[{"name":"wp","href":"https:\/\/api.w.org\/{rel}","templated":true}]}}